{"id":3654,"date":"2023-02-03T10:09:26","date_gmt":"2023-02-03T08:09:26","guid":{"rendered":"https:\/\/secihouse.lt\/?post_type=product&#038;p=3654"},"modified":"2026-02-15T20:58:58","modified_gmt":"2026-02-15T18:58:58","slug":"fabelab-vaikiskas-ranksluostis-bunny-eucalyptus","status":"publish","type":"product","link":"https:\/\/secihouse.lt\/index.php\/product\/fabelab-vaikiskas-ranksluostis-bunny-eucalyptus\/","title":{"rendered":"FABELAB Vaiki\u0161kas rank\u0161luostis &#8211; Bunny Eucalyptus"},"content":{"rendered":"<p><strong>Tinka:<\/strong> 80 cm x 92 cm.<\/p>\n<p><strong>Pagaminta i\u0161:<\/strong><\/p>\n<p>&nbsp;<\/p>\n<ul>\n<li style=\"list-style-type: none;\">\n<ul>\n<li>70% Bambukas;<\/li>\n<\/ul>\n<\/li>\n<\/ul>\n<p>&nbsp;<\/p>\n<ul>\n<li style=\"list-style-type: none;\">\n<ul>\n<li>30% Organin\u0117 medviln\u0117;<\/li>\n<\/ul>\n<\/li>\n<\/ul>\n<p>&nbsp;<\/p>\n","protected":false},"excerpt":{"rendered":"<p>Tinka: 80 cm x 92 cm. Pagaminta i\u0161: &nbsp; 70% Bambukas; &nbsp; 30% Organin\u0117 medviln\u0117; &nbsp;<\/p>\n","protected":false},"featured_media":4328,"template":"","meta":[],"product_brand":[],"product_cat":[63],"product_tag":[44],"class_list":{"0":"post-3654","1":"product","2":"type-product","3":"status-publish","4":"has-post-thumbnail","6":"product_cat-laikas-maudynems","7":"product_tag-maudynems","8":"","10":"first","11":"instock","12":"taxable","13":"shipping-taxable","14":"purchasable","15":"product-type-simple"},"_links":{"self":[{"href":"https:\/\/secihouse.lt\/index.php\/wp-json\/wp\/v2\/product\/3654","targetHints":{"allow":["GET"]}}],"collection":[{"href":"https:\/\/secihouse.lt\/index.php\/wp-json\/wp\/v2\/product"}],"about":[{"href":"https:\/\/secihouse.lt\/index.php\/wp-json\/wp\/v2\/types\/product"}],"wp:featuredmedia":[{"embeddable":true,"href":"https:\/\/secihouse.lt\/index.php\/wp-json\/wp\/v2\/media\/4328"}],"wp:attachment":[{"href":"https:\/\/secihouse.lt\/index.php\/wp-json\/wp\/v2\/media?parent=3654"}],"wp:term":[{"taxonomy":"product_brand","embeddable":true,"href":"https:\/\/secihouse.lt\/index.php\/wp-json\/wp\/v2\/product_brand?post=3654"},{"taxonomy":"product_cat","embeddable":true,"href":"https:\/\/secihouse.lt\/index.php\/wp-json\/wp\/v2\/product_cat?post=3654"},{"taxonomy":"product_tag","embeddable":true,"href":"https:\/\/secihouse.lt\/index.php\/wp-json\/wp\/v2\/product_tag?post=3654"}],"curies":[{"name":"wp","href":"https:\/\/api.w.org\/{rel}","templated":true}]}}