{"id":3646,"date":"2023-02-03T10:09:57","date_gmt":"2023-02-03T08:09:57","guid":{"rendered":"https:\/\/secihouse.lt\/?post_type=product&#038;p=3646"},"modified":"2025-02-10T16:39:56","modified_gmt":"2025-02-10T14:39:56","slug":"fabelab-kempineliu-rinkinys-bear-olive-mix","status":"publish","type":"product","link":"https:\/\/secihouse.lt\/index.php\/product\/fabelab-kempineliu-rinkinys-bear-olive-mix\/","title":{"rendered":"FABELAB Kempin\u0117li\u0173 rinkinys &#8211; Bear Olive Mix"},"content":{"rendered":"<p>FABELAB Kempin\u0117li\u0173 rinkinys 3 vnt.<\/p>\n<p><strong>Dydis:<\/strong> 20&#215;30 cm.<\/p>\n<p><strong>Pagaminta i\u0161:<\/strong><\/p>\n<p>&nbsp;<\/p>\n<ul>\n<li style=\"list-style-type: none;\">\n<ul>\n<li>70% Organinis bambukas;<\/li>\n<\/ul>\n<\/li>\n<\/ul>\n<p>&nbsp;<\/p>\n<ul>\n<li style=\"list-style-type: none;\">\n<ul>\n<li>30% Organin\u0117 medviln\u0117;<\/li>\n<\/ul>\n<\/li>\n<\/ul>\n<p>&nbsp;<\/p>\n","protected":false},"excerpt":{"rendered":"<p>FABELAB Kempin\u0117li\u0173 rinkinys 3 vnt. Dydis: 20&#215;30 cm. Pagaminta i\u0161: &nbsp; 70% Organinis bambukas; &nbsp; 30% Organin\u0117 medviln\u0117; &nbsp;<\/p>\n","protected":false},"featured_media":4312,"template":"","meta":[],"product_brand":[],"product_cat":[63],"product_tag":[44],"class_list":{"0":"post-3646","1":"product","2":"type-product","3":"status-publish","4":"has-post-thumbnail","6":"product_cat-laikas-maudynems","7":"product_tag-maudynems","8":"","10":"first","11":"instock","12":"taxable","13":"shipping-taxable","14":"purchasable","15":"product-type-simple"},"_links":{"self":[{"href":"https:\/\/secihouse.lt\/index.php\/wp-json\/wp\/v2\/product\/3646","targetHints":{"allow":["GET"]}}],"collection":[{"href":"https:\/\/secihouse.lt\/index.php\/wp-json\/wp\/v2\/product"}],"about":[{"href":"https:\/\/secihouse.lt\/index.php\/wp-json\/wp\/v2\/types\/product"}],"wp:featuredmedia":[{"embeddable":true,"href":"https:\/\/secihouse.lt\/index.php\/wp-json\/wp\/v2\/media\/4312"}],"wp:attachment":[{"href":"https:\/\/secihouse.lt\/index.php\/wp-json\/wp\/v2\/media?parent=3646"}],"wp:term":[{"taxonomy":"product_brand","embeddable":true,"href":"https:\/\/secihouse.lt\/index.php\/wp-json\/wp\/v2\/product_brand?post=3646"},{"taxonomy":"product_cat","embeddable":true,"href":"https:\/\/secihouse.lt\/index.php\/wp-json\/wp\/v2\/product_cat?post=3646"},{"taxonomy":"product_tag","embeddable":true,"href":"https:\/\/secihouse.lt\/index.php\/wp-json\/wp\/v2\/product_tag?post=3646"}],"curies":[{"name":"wp","href":"https:\/\/api.w.org\/{rel}","templated":true}]}}