{"id":3643,"date":"2023-02-03T10:11:37","date_gmt":"2023-02-03T08:11:37","guid":{"rendered":"https:\/\/secihouse.lt\/?post_type=product&#038;p=3643"},"modified":"2025-09-08T16:55:16","modified_gmt":"2025-09-08T14:55:16","slug":"fabelab-ciulptuko-laikiklis-saulyte","status":"publish","type":"product","link":"https:\/\/secihouse.lt\/index.php\/product\/fabelab-ciulptuko-laikiklis-saulyte\/","title":{"rendered":"FABELAB \u010diulptuko laikiklis saulyt\u0117"},"content":{"rendered":"<p>\u0160i miela saulyt\u0117 saugos ma\u017eylio \u010diulptuk\u0105 ir u\u017etikrins, kad ma\u017eylis jaust\u0173si jaukiai.<span class=\"Apple-converted-space\">\u00a0 <\/span>Saulyt\u0117 \u0161velni, tod\u0117l begalo bus malonu glausti prie veidelio.<span class=\"Apple-converted-space\">\u00a0<\/span><\/p>\n<p>Saulyt\u0117 pagaminta i\u0161 70% bambuko ir 30% organin\u0117s medviln\u0117s.<\/p>\n","protected":false},"excerpt":{"rendered":"<p>\u0160i miela saulyt\u0117 saugos ma\u017eylio \u010diulptuk\u0105 ir u\u017etikrins, kad ma\u017eylis jaust\u0173si jaukiai.\u00a0 Saulyt\u0117 \u0161velni, tod\u0117l begalo bus malonu glausti prie veidelio.\u00a0 Saulyt\u0117 pagaminta i\u0161 70% bambuko ir 30% organin\u0117s medviln\u0117s.<\/p>\n","protected":false},"featured_media":4304,"template":"","meta":[],"product_brand":[],"product_cat":[62],"product_tag":[50],"class_list":{"0":"post-3643","1":"product","2":"type-product","3":"status-publish","4":"has-post-thumbnail","6":"product_cat-ciulptukai","7":"product_tag-laikikliai","8":"","10":"first","11":"instock","12":"taxable","13":"shipping-taxable","14":"purchasable","15":"product-type-simple"},"_links":{"self":[{"href":"https:\/\/secihouse.lt\/index.php\/wp-json\/wp\/v2\/product\/3643","targetHints":{"allow":["GET"]}}],"collection":[{"href":"https:\/\/secihouse.lt\/index.php\/wp-json\/wp\/v2\/product"}],"about":[{"href":"https:\/\/secihouse.lt\/index.php\/wp-json\/wp\/v2\/types\/product"}],"wp:featuredmedia":[{"embeddable":true,"href":"https:\/\/secihouse.lt\/index.php\/wp-json\/wp\/v2\/media\/4304"}],"wp:attachment":[{"href":"https:\/\/secihouse.lt\/index.php\/wp-json\/wp\/v2\/media?parent=3643"}],"wp:term":[{"taxonomy":"product_brand","embeddable":true,"href":"https:\/\/secihouse.lt\/index.php\/wp-json\/wp\/v2\/product_brand?post=3643"},{"taxonomy":"product_cat","embeddable":true,"href":"https:\/\/secihouse.lt\/index.php\/wp-json\/wp\/v2\/product_cat?post=3643"},{"taxonomy":"product_tag","embeddable":true,"href":"https:\/\/secihouse.lt\/index.php\/wp-json\/wp\/v2\/product_tag?post=3643"}],"curies":[{"name":"wp","href":"https:\/\/api.w.org\/{rel}","templated":true}]}}