{"id":3642,"date":"2023-02-03T10:11:31","date_gmt":"2023-02-03T08:11:31","guid":{"rendered":"https:\/\/secihouse.lt\/?post_type=product&#038;p=3642"},"modified":"2025-04-10T12:50:57","modified_gmt":"2025-04-10T10:50:57","slug":"fabelab-ciulptuko-laikiklis-menuliukas","status":"publish","type":"product","link":"https:\/\/secihouse.lt\/index.php\/product\/fabelab-ciulptuko-laikiklis-menuliukas\/","title":{"rendered":"FABELAB \u010diulptuko laikiklis m\u0117nuliukas"},"content":{"rendered":"<p>\u0160is mielas m\u0117nuliukas saugos ma\u017eylio \u010diulptuk\u0105 ir u\u017etikrins, kad ma\u017eylis jaust\u0173si jaukiai. M\u0117nuliukas begalo \u0161velnus, tod\u0117l bus malonu glausti prie veidelio ar panor\u0117jus \u017eaisti.<span class=\"Apple-converted-space\">\u00a0<\/span><\/p>\n<p>M\u0117nuliukas pagamintas i\u0161 70% bambuko ir 30% organin\u0117s medviln\u0117s.<\/p>\n","protected":false},"excerpt":{"rendered":"<p>\u0160is mielas m\u0117nuliukas saugos ma\u017eylio \u010diulptuk\u0105 ir u\u017etikrins, kad ma\u017eylis jaust\u0173si jaukiai. M\u0117nuliukas begalo \u0161velnus, tod\u0117l bus malonu glausti prie veidelio ar panor\u0117jus \u017eaisti.\u00a0 M\u0117nuliukas pagamintas i\u0161 70% bambuko ir 30% organin\u0117s medviln\u0117s.<\/p>\n","protected":false},"featured_media":4302,"template":"","meta":[],"product_brand":[],"product_cat":[62],"product_tag":[50],"class_list":{"0":"post-3642","1":"product","2":"type-product","3":"status-publish","4":"has-post-thumbnail","6":"product_cat-ciulptukai","7":"product_tag-laikikliai","8":"","10":"first","11":"instock","12":"taxable","13":"shipping-taxable","14":"purchasable","15":"product-type-simple"},"_links":{"self":[{"href":"https:\/\/secihouse.lt\/index.php\/wp-json\/wp\/v2\/product\/3642","targetHints":{"allow":["GET"]}}],"collection":[{"href":"https:\/\/secihouse.lt\/index.php\/wp-json\/wp\/v2\/product"}],"about":[{"href":"https:\/\/secihouse.lt\/index.php\/wp-json\/wp\/v2\/types\/product"}],"wp:featuredmedia":[{"embeddable":true,"href":"https:\/\/secihouse.lt\/index.php\/wp-json\/wp\/v2\/media\/4302"}],"wp:attachment":[{"href":"https:\/\/secihouse.lt\/index.php\/wp-json\/wp\/v2\/media?parent=3642"}],"wp:term":[{"taxonomy":"product_brand","embeddable":true,"href":"https:\/\/secihouse.lt\/index.php\/wp-json\/wp\/v2\/product_brand?post=3642"},{"taxonomy":"product_cat","embeddable":true,"href":"https:\/\/secihouse.lt\/index.php\/wp-json\/wp\/v2\/product_cat?post=3642"},{"taxonomy":"product_tag","embeddable":true,"href":"https:\/\/secihouse.lt\/index.php\/wp-json\/wp\/v2\/product_tag?post=3642"}],"curies":[{"name":"wp","href":"https:\/\/api.w.org\/{rel}","templated":true}]}}