{"id":3633,"date":"2023-02-03T10:11:55","date_gmt":"2023-02-03T08:11:55","guid":{"rendered":"https:\/\/secihouse.lt\/?post_type=product&#038;p=3633"},"modified":"2026-02-15T20:58:39","modified_gmt":"2026-02-15T18:58:39","slug":"done-by-deer-veiklos-spirale-sea-friends-mustard","status":"publish","type":"product","link":"https:\/\/secihouse.lt\/index.php\/product\/done-by-deer-veiklos-spirale-sea-friends-mustard\/","title":{"rendered":"DONE BY DEER Veiklos spiral\u0117 &#8211; Sea friends Mustard"},"content":{"rendered":"<p class=\"p1\"><span class=\"s1\">\u0160i spiral\u0117 tikriems tyrin\u0117tojams ! Ma\u017eiesiems pir\u0161tukams tikrai bus kas veikti. Puikiai tiks kelioni\u0173 metu ar tiesiog b\u016bnant namuose u\u017eimti ma\u017eyl\u012f. <\/span><\/p>\n<p>&nbsp;<\/p>\n<p class=\"p1\"><span class=\"s1\">Lanksti spiral\u0117 puikiai prisitvirtins prie lovel\u0117s, automobilin\u0117s k\u0117dut\u0117s, ve\u017eim\u0117lio, ar tiesog sukurtoje \u017eaidim\u0173 zonoje.<\/span><\/p>\n<p><b>Matmenys: <\/b>15-33cm<\/p>\n<p><strong>Sud\u0117tis<\/strong>: 100% Poliesteris<\/p>\n","protected":false},"excerpt":{"rendered":"<p>\u0160i spiral\u0117 tikriems tyrin\u0117tojams ! Ma\u017eiesiems pir\u0161tukams tikrai bus kas veikti. Puikiai tiks kelioni\u0173 metu ar tiesiog b\u016bnant namuose u\u017eimti ma\u017eyl\u012f. &nbsp; Lanksti spiral\u0117 puikiai prisitvirtins prie lovel\u0117s, automobilin\u0117s k\u0117dut\u0117s, ve\u017eim\u0117lio, ar tiesog sukurtoje \u017eaidim\u0173 zonoje. Matmenys: 15-33cm Sud\u0117tis: 100% Poliesteris<\/p>\n","protected":false},"featured_media":4277,"template":"","meta":[],"product_brand":[],"product_cat":[66],"product_tag":[40,42],"class_list":{"0":"post-3633","1":"product","2":"type-product","3":"status-publish","4":"has-post-thumbnail","6":"product_cat-zaislai","7":"product_tag-not-on-sale","8":"product_tag-zaislai","9":"","11":"first","12":"instock","13":"taxable","14":"shipping-taxable","15":"purchasable","16":"product-type-simple"},"_links":{"self":[{"href":"https:\/\/secihouse.lt\/index.php\/wp-json\/wp\/v2\/product\/3633","targetHints":{"allow":["GET"]}}],"collection":[{"href":"https:\/\/secihouse.lt\/index.php\/wp-json\/wp\/v2\/product"}],"about":[{"href":"https:\/\/secihouse.lt\/index.php\/wp-json\/wp\/v2\/types\/product"}],"wp:featuredmedia":[{"embeddable":true,"href":"https:\/\/secihouse.lt\/index.php\/wp-json\/wp\/v2\/media\/4277"}],"wp:attachment":[{"href":"https:\/\/secihouse.lt\/index.php\/wp-json\/wp\/v2\/media?parent=3633"}],"wp:term":[{"taxonomy":"product_brand","embeddable":true,"href":"https:\/\/secihouse.lt\/index.php\/wp-json\/wp\/v2\/product_brand?post=3633"},{"taxonomy":"product_cat","embeddable":true,"href":"https:\/\/secihouse.lt\/index.php\/wp-json\/wp\/v2\/product_cat?post=3633"},{"taxonomy":"product_tag","embeddable":true,"href":"https:\/\/secihouse.lt\/index.php\/wp-json\/wp\/v2\/product_tag?post=3633"}],"curies":[{"name":"wp","href":"https:\/\/api.w.org\/{rel}","templated":true}]}}