{"id":3560,"date":"2023-02-03T10:16:16","date_gmt":"2023-02-03T08:16:16","guid":{"rendered":"https:\/\/secihouse.lt\/?post_type=product&#038;p=3560"},"modified":"2024-01-11T00:55:38","modified_gmt":"2024-01-10T22:55:38","slug":"bibs-couture-fossil-grey-mauve-0-6m","status":"publish","type":"product","link":"https:\/\/secihouse.lt\/index.php\/product\/bibs-couture-fossil-grey-mauve-0-6m\/","title":{"rendered":"BIBS COUTURE- Fossil Grey\/ Mauve 0-6m"},"content":{"rendered":"<p>Pakuot\u0117je 2 vnt.<\/p>\n<p>COUTURE yra naujausi \u010diulptukai BIBS \u0161eimoje, kurie i\u0161siskiria savo gra\u017eiu ir moderniu dizainu ir anatomine\u00a0(ortodontine) forma.<\/p>\n<p>Ortodontinis \u017eindukas imituoja mamos spenel\u012f ir puikiai prisitaiko prie vaiku\u010dio burnos. \u0160i \u017einduko forma yra sukurta taip, kad nat\u016braliai atitikt\u0173 gomurio form\u0105, o apatin\u0117 dalis yra pritaikyta lie\u017euviui priglausti. \u010ciulptukas prie skydelio yra siauresnis, kad burnyt\u0117 gal\u0117t\u0173 beveik pilnai u\u017esidaryti, taip suma\u017einant \u017eandikaulio, danten\u0173 ir dantuk\u0173 spaudim\u0105.<\/p>\n<p>Skydelio forma yra sukurta taip, kad nesiliest\u0173 su nosyte ir netrigdyt\u0173 normalaus kv\u0117pavimo. Skydelis yra lengvas, o jo\u00a0<strong>forma primena drugel\u012f.<\/strong><\/p>\n<p>0-6 m\u0117n dydis<\/p>\n<p>\u010ciulptukus gausite originalioje d\u0117\u017eut\u0117je supakuotus po du vienetus.<\/p>\n<p>\u010ciulptukai yra pagaminti i\u0161 auk\u0161\u010diausios kokyb\u0117s polipropileno (PP), kuris sud\u0117tyje neturi BPA, PVC ir kit\u0173 kenksming\u0173 med\u017eiag\u0173 ir nat\u016bralaus kau\u010diuko (latekso).<\/p>\n<p>Kadangi tai yra nat\u016bralios gumos \u010diulptukas,\u00a0<strong>naudojamas jis gali i\u0161sip\u016bsti ir patams\u0117ti.<\/strong>\u00a0Tai yra nat\u016bralus latekso \u2018nusid\u0117v\u0117jimas\u2019, o ne nekokybi\u0161kos prek\u0117s po\u017eymis. Kaip greitai \u010diulptukas nusid\u0117v\u0117s priklauso nuo naudojimo da\u017enumo, intensyvumo ar netgi nuo kiekvieno vaiku\u010dio individuali\u0173 \u012fpro\u010di\u0173 (vieni \u017einda ramiai ir l\u0117tai, kiti greitai ir stipriai). Si\u016blome \u010diulptukus pakeisti naujais vos tik pasteb\u0117jus, jog jis pradeda did\u0117ti.<\/p>\n<p>\u010ciulptukai yra nekei\u010diami ir negr\u0105\u017einami.<\/p>\n<p>Spalvos gali \u0161iek tiek skirtis nuo rodom\u0173 j\u016bs\u0173 ekranuose. Rekomenduojama \u010diulptukus keisti kas 4-6 savaites (naudojant intensyviai \u2013 kas m\u0117nes\u012f).<\/p>\n<p>Kaip tinkamai plauti\u00a0BIBS \u010diulptukus?<\/p>\n<p>&nbsp;<\/p>\n<ol>\n<li style=\"list-style-type: none;\">\n<ol>\n<li>\u012ed\u0117kite \u010diulptukus \u012f \u0161var\u0173 duben\u0117l\u012f<\/li>\n<\/ol>\n<\/li>\n<\/ol>\n<p>&nbsp;<\/p>\n<ol>\n<li style=\"list-style-type: none;\">\n<ol>\n<li>\u012e duben\u0117l\u012f \u012fpilkite verdan\u010dio vandens<\/li>\n<\/ol>\n<\/li>\n<\/ol>\n<p>&nbsp;<\/p>\n<ol>\n<li style=\"list-style-type: none;\">\n<ol>\n<li>Palikite \u010diulptukus kar\u0161tame vandenyje apie 5 min<\/li>\n<\/ol>\n<\/li>\n<\/ol>\n<p>&nbsp;<\/p>\n<ol>\n<li style=\"list-style-type: none;\">\n<ol>\n<li>I\u0161imkite \u010diulptukus ir leiskite jiems i\u0161d\u017ei\u0173ti. Jei viduje yra vandens \u2013 i\u0161spauskite.<\/li>\n<\/ol>\n<\/li>\n<\/ol>\n<p>&nbsp;<\/p>\n<p>Pastabos. Atid\u017eiai ap\u017ei\u016br\u0117kite \u010diulptuk\u0105 ir patampykite \u012f visas puses prie\u0161 kiekvien\u0105 naudojim\u0105. Jei pasteb\u0117jote kokius nors pa\u017eeidimus ar nusid\u0117v\u0117jimus, i\u0161 karto i\u0161meskite. Nepalikite tiesiogin\u0117je saul\u0117s \u0161viesoje, \u0161alia kar\u0161\u010dio \u0161altini\u0173 ar dezinfekciniame skystyje (ilgiau nei rekomenduojama). Laikyti sausame, \u0161variame, u\u017edarame d\u0117kle, prie\u0161 kiekvien\u0105 naudojim\u0105 nuplauti. Galima \u0161altai sterilizuoti. Ned\u0117ti \u012f indaplov\u0119 ir mikrobang\u0173 krosnel\u0119.<\/p>\n","protected":false},"excerpt":{"rendered":"<p>Pakuot\u0117je 2 vnt. COUTURE yra naujausi \u010diulptukai BIBS \u0161eimoje, kurie i\u0161siskiria savo gra\u017eiu ir moderniu dizainu ir anatomine\u00a0(ortodontine) forma. Ortodontinis \u017eindukas imituoja mamos spenel\u012f ir puikiai prisitaiko prie vaiku\u010dio burnos. \u0160i \u017einduko forma yra sukurta taip, kad nat\u016braliai atitikt\u0173 gomurio form\u0105, o apatin\u0117 dalis yra pritaikyta lie\u017euviui priglausti. \u010ciulptukas prie skydelio yra siauresnis, kad burnyt\u0117 [&hellip;]<\/p>\n","protected":false},"featured_media":4098,"template":"","meta":[],"product_brand":[],"product_cat":[62],"product_tag":[],"class_list":{"0":"post-3560","1":"product","2":"type-product","3":"status-publish","4":"has-post-thumbnail","6":"product_cat-ciulptukai","7":"","9":"first","10":"instock","11":"taxable","12":"shipping-taxable","13":"purchasable","14":"product-type-simple"},"_links":{"self":[{"href":"https:\/\/secihouse.lt\/index.php\/wp-json\/wp\/v2\/product\/3560","targetHints":{"allow":["GET"]}}],"collection":[{"href":"https:\/\/secihouse.lt\/index.php\/wp-json\/wp\/v2\/product"}],"about":[{"href":"https:\/\/secihouse.lt\/index.php\/wp-json\/wp\/v2\/types\/product"}],"wp:featuredmedia":[{"embeddable":true,"href":"https:\/\/secihouse.lt\/index.php\/wp-json\/wp\/v2\/media\/4098"}],"wp:attachment":[{"href":"https:\/\/secihouse.lt\/index.php\/wp-json\/wp\/v2\/media?parent=3560"}],"wp:term":[{"taxonomy":"product_brand","embeddable":true,"href":"https:\/\/secihouse.lt\/index.php\/wp-json\/wp\/v2\/product_brand?post=3560"},{"taxonomy":"product_cat","embeddable":true,"href":"https:\/\/secihouse.lt\/index.php\/wp-json\/wp\/v2\/product_cat?post=3560"},{"taxonomy":"product_tag","embeddable":true,"href":"https:\/\/secihouse.lt\/index.php\/wp-json\/wp\/v2\/product_tag?post=3560"}],"curies":[{"name":"wp","href":"https:\/\/api.w.org\/{rel}","templated":true}]}}